{"id":31062,"date":"2024-03-18T18:26:08","date_gmt":"2024-03-18T17:26:08","guid":{"rendered":"https:\/\/beautyverse-festival.com\/?page_id=31062"},"modified":"2024-05-30T11:45:45","modified_gmt":"2024-05-30T10:45:45","slug":"programme","status":"publish","type":"page","link":"https:\/\/beautyverse-festival.com\/en\/programme\/","title":{"rendered":"Programme"},"content":{"rendered":"<p>[et_pb_section fb_built=&#8221;1&#8243; custom_padding_last_edited=&#8221;on|tablet&#8221; _builder_version=&#8221;4.24.2&#8243; background_image=&#8221;https:\/\/beautyverse-festival.com\/wp-content\/uploads\/2024\/03\/Programma-beautyverse.jpg&#8221; custom_padding=&#8221;21vh||21vh||true|false&#8221; custom_padding_tablet=&#8221;8vh||8vh||true|false&#8221; custom_padding_phone=&#8221;6vh||6vh||true|false&#8221; da_disable_devices=&#8221;off|off|off&#8221; locked=&#8221;off&#8221; global_colors_info=&#8221;{}&#8221; da_is_popup=&#8221;off&#8221; da_exit_intent=&#8221;off&#8221; da_has_close=&#8221;on&#8221; da_alt_close=&#8221;off&#8221; da_dark_close=&#8221;off&#8221; da_not_modal=&#8221;on&#8221; da_is_singular=&#8221;off&#8221; da_with_loader=&#8221;off&#8221; da_has_shadow=&#8221;on&#8221;][et_pb_row use_custom_gutter=&#8221;on&#8221; gutter_width=&#8221;2&#8243; make_equal=&#8221;on&#8221; _builder_version=&#8221;4.25.1&#8243; background_color=&#8221;rgba(6,6,11,0.81)&#8221; width=&#8221;39%&#8221; width_tablet=&#8221;75%&#8221; width_phone=&#8221;90%&#8221; width_last_edited=&#8221;on|phone&#8221; max_width=&#8221;1131px&#8221; max_width_tablet=&#8221;90%&#8221; max_width_phone=&#8221;90%&#8221; max_width_last_edited=&#8221;on|desktop&#8221; module_alignment=&#8221;center&#8221; custom_padding=&#8221;54px|0px|70px|0px|false|true&#8221; animation_style=&#8221;slide&#8221; border_radii=&#8221;off||||&#8221; locked=&#8221;off&#8221; global_colors_info=&#8221;{}&#8221;][et_pb_column type=&#8221;4_4&#8243; _builder_version=&#8221;4.24.2&#8243; custom_padding=&#8221;||||true|true&#8221; animation_direction=&#8221;left&#8221; global_colors_info=&#8221;{}&#8221;][et_pb_text _builder_version=&#8221;4.25.1&#8243; text_font=&#8221;|||on|||||&#8221; text_text_color=&#8221;#FFFAD8&#8243; text_font_size=&#8221;40px&#8221; header_font=&#8221;|300||on|||||&#8221; header_text_color=&#8221;#ffffff&#8221; header_font_size=&#8221;53px&#8221; text_orientation=&#8221;center&#8221; animation_direction=&#8221;top&#8221; text_font_size_tablet=&#8221;25px&#8221; text_font_size_phone=&#8221;18px&#8221; text_font_size_last_edited=&#8221;on|tablet&#8221; header_font_size_tablet=&#8221;30px&#8221; header_font_size_phone=&#8221;23px&#8221; header_font_size_last_edited=&#8221;on|phone&#8221; global_colors_info=&#8221;{}&#8221;]<\/p>\n<h1>ProgrammE<\/h1>\n<p>Beautyverse 2025<\/p>\n<p>[\/et_pb_text][\/et_pb_column][\/et_pb_row][\/et_pb_section][et_pb_section fb_built=&#8221;1&#8243; custom_padding_last_edited=&#8221;on|tablet&#8221; _builder_version=&#8221;4.24.2&#8243; _module_preset=&#8221;default&#8221; background_color=&#8221;#06060B&#8221; custom_padding=&#8221;82px||82px||true|&#8221; custom_padding_tablet=&#8221;19px||19px||true|false&#8221; custom_padding_phone=&#8221;19px||19px||true|false&#8221; bottom_divider_color=&#8221;#DDAD67&#8243; bottom_divider_height=&#8221;46px&#8221; da_disable_devices=&#8221;off|off|off&#8221; global_colors_info=&#8221;{}&#8221; da_is_popup=&#8221;off&#8221; da_exit_intent=&#8221;off&#8221; da_has_close=&#8221;on&#8221; da_alt_close=&#8221;off&#8221; da_dark_close=&#8221;off&#8221; da_not_modal=&#8221;on&#8221; da_is_singular=&#8221;off&#8221; da_with_loader=&#8221;off&#8221; da_has_shadow=&#8221;on&#8221;][et_pb_row column_structure=&#8221;1_2,1_2&#8243; use_custom_gutter=&#8221;on&#8221; gutter_width=&#8221;1&#8243; make_equal=&#8221;on&#8221; _builder_version=&#8221;4.24.2&#8243; _module_preset=&#8221;default&#8221; width=&#8221;95%&#8221; width_tablet=&#8221;80%&#8221; width_phone=&#8221;80%&#8221; width_last_edited=&#8221;on|tablet&#8221; max_width=&#8221;1250px&#8221; global_colors_info=&#8221;{}&#8221;][et_pb_column type=&#8221;1_2&#8243; _builder_version=&#8221;4.24.2&#8243; _module_preset=&#8221;default&#8221; custom_padding=&#8221;25px|35px|||false|false&#8221; global_colors_info=&#8221;{}&#8221;][et_pb_text _builder_version=&#8221;4.25.1&#8243; _module_preset=&#8221;default&#8221; text_font=&#8221;||||||||&#8221; text_text_color=&#8221;#FFFFFF&#8221; text_font_size=&#8221;20px&#8221; text_line_height=&#8221;1.6em&#8221; header_2_font=&#8221;|700|||||||&#8221; header_2_text_color=&#8221;#FFFFFF&#8221; header_2_font_size=&#8221;35px&#8221; header_3_text_color=&#8221;#FFFAD8&#8243; text_font_size_tablet=&#8221;18px&#8221; text_font_size_phone=&#8221;16px&#8221; text_font_size_last_edited=&#8221;on|tablet&#8221; header_2_font_size_tablet=&#8221;35px&#8221; header_2_font_size_phone=&#8221;25px&#8221; header_2_font_size_last_edited=&#8221;on|tablet&#8221; global_colors_info=&#8221;{}&#8221;]<\/p>\n<h2>INFORMATION<\/h2>\n<ul>\n<li>Date: from 26 to 29 April<\/li>\n<li>Location: Symposium Convention Center &#8211; Hotel Cristoforo Colombo Rome<\/li>\n<\/ul>\n<h3>Day 1: Championship \u2013 Date: 26 April<\/h3>\n<p>8:30 Start of the Championship<br \/>19:00 Cocktail Party<\/p>\n<hr \/>\n<h3><\/h3>\n<h3>Day 2: Conference \u2013 Date: 27 April<\/h3>\n<p>8:30 Grand opening<br \/>9:00 \u2013 13:00 Speakers<br \/>13:00 \u2013 14:00 Lunch break<br \/>14:00 \u2013 18:00 Speakers<\/p>\n<hr \/>\n<h3><\/h3>\n<h3>Day 3: Conference \u2013 Date 28 April<\/h3>\n<p>9:00 \u2013 13:00 Speakers<br \/>13:00 \u2013 14:00 Lunch break<br \/>14:00 \u2013 18:00 Non-stop show\u00a0<\/p>\n<hr \/>\n<h3><\/h3>\n<h3><\/h3>\n<h3><\/h3>\n<h3>Day 4: Live demo &amp; Gala Dinner \u2013 Date 29 April<\/h3>\n<p>9:00 \u2013 18.00 Demo Live, Sponsor Show and Exibition<br \/>21:00\u00a0 Gala dinner + Awards &#8211; <strong><span style=\"color: #fffad8;\">Surprise Location<\/span><\/strong><br \/>23:00 DJ set<\/p>\n<p>&nbsp;<\/p>\n<p>[\/et_pb_text][\/et_pb_column][et_pb_column type=&#8221;1_2&#8243; _builder_version=&#8221;4.24.2&#8243; _module_preset=&#8221;default&#8221; background_color=&#8221;#DDAD67&#8243; custom_padding=&#8221;25px|25px|25px|25px|true|true&#8221; border_color_left=&#8221;#FFFFFF&#8221; global_colors_info=&#8221;{}&#8221;][et_pb_text _builder_version=&#8221;4.25.1&#8243; _module_preset=&#8221;default&#8221; text_font=&#8221;||||||||&#8221; text_text_color=&#8221;#FFFFFF&#8221; text_line_height=&#8221;1.2em&#8221; header_2_font=&#8221;|700|||||||&#8221; header_2_text_color=&#8221;#FFFFFF&#8221; header_2_font_size=&#8221;35px&#8221; header_3_font=&#8221;|700|||||||&#8221; header_3_text_color=&#8221;#FFFFFF&#8221; header_3_font_size=&#8221;20px&#8221; text_orientation=&#8221;justified&#8221; header_2_font_size_tablet=&#8221;35px&#8221; header_2_font_size_phone=&#8221;25px&#8221; header_2_font_size_last_edited=&#8221;on|phone&#8221; locked=&#8221;off&#8221; global_colors_info=&#8221;{}&#8221;]<\/p>\n<h2>PROGRAMME<\/h2>\n<h3>CHAMPIONSHIP<\/h3>\n<p>The Italian Permanent Makeup Championship will give all artists the opportunity to challenge themselves and showcase their skills in the various categories.<\/p>\n<h3>SPEAKERS<\/h3>\n<p>Names that are known all over the world will present their innovative and high-level techniques on stage.<br \/>A great opportunity for participants to grow professionally and expand their skills.<\/p>\n<h3>SPONSOR<\/h3>\n<p>The most famous national and <x id=\"1\"><\/x>international brands will make their knowledge and products available.<\/p>\n<h3>LIVE SHOW DEMO<\/h3>\n<p>An arena full of live performances by the most competent and famous artists in the sector who will show their techniques live in live demonstrations and respond to the participants&#8217; questions and doubts.<\/p>\n<h3>AWARDS<\/h3>\n<p>We will meet the 2025 champions of the various categories who will be awarded with great trophies and prizes by the event and the sponsors.<\/p>\n<h3>DINNER SHOW<\/h3>\n<p>A unique opportunity to delight the palate and nourish the soul, in an environment where good food and the magic of the show merge in harmony.<\/p>\n<h3>DJ SET<\/h3>\n<p>We close the event with a party, music and cocktails.<\/p>\n<p>[\/et_pb_text][\/et_pb_column][\/et_pb_row][\/et_pb_section]<\/p>\n","protected":false},"excerpt":{"rendered":"<p>ProgrammE Beautyverse 2025INFORMATION Date: from 26 to 29 April Location: Symposium Convention Center &#8211; Hotel Cristoforo Colombo Rome Day 1: Championship \u2013 Date: 26 April 8:30 Start of the Championship19:00 Cocktail Party Day 2: Conference \u2013 Date: 27 April 8:30 Grand opening9:00 \u2013 13:00 Speakers13:00 \u2013 14:00 Lunch break14:00 \u2013 18:00 Speakers Day 3: Conference [&hellip;]<\/p>\n","protected":false},"author":3,"featured_media":0,"parent":0,"menu_order":0,"comment_status":"closed","ping_status":"closed","template":"","meta":{"_et_pb_use_builder":"on","_et_pb_old_content":"<p>[et_pb_section fb_built=\"1\" custom_padding_last_edited=\"on|tablet\" _builder_version=\"4.24.2\" background_image=\"https:\/\/beautyverse-festival.com\/wp-content\/uploads\/2024\/03\/Programma-beautyverse.jpg\" custom_padding=\"21vh||21vh||true|false\" custom_padding_tablet=\"8vh||8vh||true|false\" custom_padding_phone=\"6vh||6vh||true|false\" da_disable_devices=\"off|off|off\" locked=\"off\" global_colors_info=\"{}\" da_is_popup=\"off\" da_exit_intent=\"off\" da_has_close=\"on\" da_alt_close=\"off\" da_dark_close=\"off\" da_not_modal=\"on\" da_is_singular=\"off\" da_with_loader=\"off\" da_has_shadow=\"on\"][et_pb_row use_custom_gutter=\"on\" gutter_width=\"2\" make_equal=\"on\" _builder_version=\"4.24.2\" background_color=\"rgba(6,6,11,0.81)\" width=\"39%\" width_tablet=\"75%\" width_phone=\"90%\" width_last_edited=\"on|phone\" max_width=\"1131px\" max_width_tablet=\"90%\" max_width_phone=\"90%\" max_width_last_edited=\"on|desktop\" module_alignment=\"center\" custom_padding=\"54px|0px|70px|0px|false|true\" animation_style=\"slide\" border_radii=\"off||||\" locked=\"off\" global_colors_info=\"{}\"][et_pb_column type=\"4_4\" _builder_version=\"4.24.2\" custom_padding=\"||||true|true\" animation_direction=\"left\" global_colors_info=\"{}\"][et_pb_text _builder_version=\"4.24.2\" text_font=\"|||on|||||\" text_text_color=\"#FFFAD8\" text_font_size=\"40px\" header_font=\"|300||on|||||\" header_text_color=\"#ffffff\" header_font_size=\"53px\" text_orientation=\"center\" animation_direction=\"top\" text_font_size_tablet=\"25px\" text_font_size_phone=\"18px\" text_font_size_last_edited=\"on|tablet\" header_font_size_tablet=\"30px\" header_font_size_phone=\"23px\" header_font_size_last_edited=\"on|phone\" global_colors_info=\"{}\"]<\/p><h1>Programma<\/h1><p>Beautyverse 2025<\/p><p>[\/et_pb_text][\/et_pb_column][\/et_pb_row][\/et_pb_section][et_pb_section fb_built=\"1\" _builder_version=\"4.24.2\" _module_preset=\"default\" background_color=\"#06060B\" custom_padding=\"82px||82px||true|\" bottom_divider_color=\"#DDAD67\" bottom_divider_height=\"46px\" hover_enabled=\"0\" da_disable_devices=\"off|off|off\" global_colors_info=\"{}\" custom_padding_last_edited=\"on|tablet\" custom_padding_tablet=\"19px||19px||true|false\" sticky_enabled=\"0\" da_is_popup=\"off\" da_exit_intent=\"off\" da_has_close=\"on\" da_alt_close=\"off\" da_dark_close=\"off\" da_not_modal=\"on\" da_is_singular=\"off\" da_with_loader=\"off\" da_has_shadow=\"on\" custom_padding_phone=\"19px||19px||true|false\"][et_pb_row column_structure=\"1_2,1_2\" use_custom_gutter=\"on\" gutter_width=\"1\" make_equal=\"on\" _builder_version=\"4.24.2\" _module_preset=\"default\" width=\"95%\" max_width=\"1250px\" hover_enabled=\"0\" global_colors_info=\"{}\" width_last_edited=\"on|tablet\" width_tablet=\"80%\" sticky_enabled=\"0\" width_phone=\"80%\"][et_pb_column type=\"1_2\" _builder_version=\"4.24.2\" _module_preset=\"default\" custom_padding=\"25px|35px|||false|false\" global_colors_info=\"{}\"][et_pb_text _builder_version=\"4.24.2\" _module_preset=\"default\" text_font=\"||||||||\" text_text_color=\"#FFFFFF\" text_font_size=\"20px\" text_line_height=\"1.6em\" header_2_font=\"|700|||||||\" header_2_text_color=\"#FFFFFF\" header_2_font_size=\"35px\" header_3_text_color=\"#FFFAD8\" hover_enabled=\"0\" global_colors_info=\"{}\" header_2_font_size_last_edited=\"on|tablet\" text_font_size_last_edited=\"on|tablet\" text_font_size_tablet=\"18px\" sticky_enabled=\"0\" text_font_size_phone=\"16px\" header_2_font_size_phone=\"25px\" header_2_font_size_tablet=\"35px\"]<\/p><h2>INFORMAZIONI<\/h2><ul><li><strong>Data: dal 16 al 18 Marzo<\/strong><\/li><li><strong>Location: Hotel Cristoforo Colombo Roma<\/strong><\/li><\/ul><h3><strong>Giorno 1: Campionato - Data: 16 Marzo<\/strong><\/h3><p><strong>8:30<\/strong> Inizio Campionato<br \/><strong>19:00<\/strong> Cocktail Party<\/p><hr \/><h3>\u00a0<\/h3><h3><strong>Giorno 2: Conferenza - Data: 17 Marzo<\/strong><\/h3><p><strong>8:30<\/strong> Grande apertura<br \/><strong>9:00 - 13:00<\/strong> Speakers<br \/><strong>13:00 - 14:00<\/strong> Pausa pranzo<br \/><strong>14:00 - 18:00<\/strong> Speakers<\/p><hr \/><h3>\u00a0<\/h3><h3><strong>Giorno 3: Conferenza - Data 17 Marzo<\/strong><\/h3><p><strong>9:00 - 13:00<\/strong> Speakers<br \/><strong>13:00 - 14:00<\/strong> Pausa pranzo<br \/><strong>14:00 - 18:00<\/strong> Non stop Show<br \/><strong>21:00<\/strong>\u00a0 Gala dinner + Premiazioni<br \/><strong>23:00 <\/strong>Dj Set<\/p><p>\u00a0<\/p><p>[\/et_pb_text][\/et_pb_column][et_pb_column type=\"1_2\" _builder_version=\"4.24.2\" _module_preset=\"default\" background_color=\"#DDAD67\" custom_padding=\"25px|25px|25px|25px|true|true\" border_color_left=\"#FFFFFF\" global_colors_info=\"{}\"][et_pb_text _builder_version=\"4.24.2\" _module_preset=\"default\" text_font=\"||||||||\" text_text_color=\"#FFFFFF\" text_line_height=\"1.2em\" header_2_font=\"|700|||||||\" header_2_text_color=\"#FFFFFF\" header_2_font_size=\"35px\" header_3_font=\"|700|||||||\" header_3_text_color=\"#FFFFFF\" header_3_font_size=\"20px\" text_orientation=\"justified\" hover_enabled=\"0\" locked=\"off\" global_colors_info=\"{}\" header_2_font_size_last_edited=\"on|phone\" header_2_font_size_phone=\"25px\" sticky_enabled=\"0\" header_2_font_size_tablet=\"35px\"]<\/p><h2>PROGRAMMA<\/h2><h3><strong>CAMPIONATO<\/strong><\/h3><p>Il campionato Italiano di Trucco Permanente dar\u00e0 la possibilit\u00e0 a tutti gli artisti di sfidarsi e mettere in mostra le proprie abilit\u00e0 nelle varie categorie.<\/p><h3><strong>SPEAKERS<\/strong><\/h3><p>Nomi noti da tutto il mondo presenteranno sul palco le loro tecniche innovative e di alto livello. Una grande possibilit\u00e0 per i partecipanti di crescere professionalmente e allargare le proprie competenze.<\/p><h3>SPONSOR<\/h3><p>Presenti i pi\u00f9 famosi brand nazionali e<br \/>internazionali metteranno a disposizione le loro conoscenze e i loro prodotti.<\/p><h3>DEMO LIVE SHOW<\/h3><p>Un'arena ricca di esibizioni live degli artisti pi\u00f9 competenti e famosi del settore che mostreranno le loro tecniche dal vivo su dimostrazioni live e risponderanno alle domande e dubbi dei partecipanti.<\/p><h3>PREMIAZIONI<\/h3><p>Conosceremo i campioni del 2025 delle varie categorie che saranno premiati con grandi trofei e premi da parte dell'evento e degli sponsor.<\/p><h3>DINNER SHOW<\/h3><p>Un'occasione unica per deliziare il palato e nutrire l'anima, in un ambiente dove il buon cibo e la magia dello spettacolo si fondono in armonia.<\/p><h3>DJ SET<\/h3><p>Chiudiamo l'evento con un party, musica e cocktail.<\/p><p>[\/et_pb_text][\/et_pb_column][\/et_pb_row][\/et_pb_section]<\/p>","_et_gb_content_width":"","footnotes":""},"dipi_cpt_category":[],"class_list":["post-31062","page","type-page","status-publish","hentry"],"yoast_head":"<!-- This site is optimized with the Yoast SEO plugin v25.3 - https:\/\/yoast.com\/wordpress\/plugins\/seo\/ -->\n<title>Programme - Beautyverse Championship<\/title>\n<meta name=\"robots\" content=\"index, follow, max-snippet:-1, max-image-preview:large, max-video-preview:-1\" \/>\n<link rel=\"canonical\" href=\"https:\/\/beautyverse-festival.com\/en\/programme\/\" \/>\n<meta property=\"og:locale\" content=\"en_US\" \/>\n<meta property=\"og:type\" content=\"article\" \/>\n<meta property=\"og:title\" content=\"Programme - Beautyverse Championship\" \/>\n<meta property=\"og:description\" content=\"ProgrammE Beautyverse 2025INFORMATION Date: from 26 to 29 April Location: Symposium Convention Center - Hotel Cristoforo Colombo Rome Day 1: Championship \u2013 Date: 26 April 8:30 Start of the Championship19:00 Cocktail Party Day 2: Conference \u2013 Date: 27 April 8:30 Grand opening9:00 \u2013 13:00 Speakers13:00 \u2013 14:00 Lunch break14:00 \u2013 18:00 Speakers Day 3: Conference [&hellip;]\" \/>\n<meta property=\"og:url\" content=\"https:\/\/beautyverse-festival.com\/en\/programme\/\" \/>\n<meta property=\"og:site_name\" content=\"Beautyverse Championship\" \/>\n<meta property=\"article:modified_time\" content=\"2024-05-30T10:45:45+00:00\" \/>\n<meta name=\"twitter:card\" content=\"summary_large_image\" \/>\n<meta name=\"twitter:label1\" content=\"Est. reading time\" \/>\n\t<meta name=\"twitter:data1\" content=\"4 minutes\" \/>\n<script type=\"application\/ld+json\" class=\"yoast-schema-graph\">{\"@context\":\"https:\/\/schema.org\",\"@graph\":[{\"@type\":\"WebPage\",\"@id\":\"https:\/\/beautyverse-festival.com\/en\/programme\/\",\"url\":\"https:\/\/beautyverse-festival.com\/en\/programme\/\",\"name\":\"Programme - Beautyverse Championship\",\"isPartOf\":{\"@id\":\"https:\/\/beautyverse-festival.com\/en\/#website\"},\"datePublished\":\"2024-03-18T17:26:08+00:00\",\"dateModified\":\"2024-05-30T10:45:45+00:00\",\"breadcrumb\":{\"@id\":\"https:\/\/beautyverse-festival.com\/en\/programme\/#breadcrumb\"},\"inLanguage\":\"en-US\",\"potentialAction\":[{\"@type\":\"ReadAction\",\"target\":[\"https:\/\/beautyverse-festival.com\/en\/programme\/\"]}]},{\"@type\":\"BreadcrumbList\",\"@id\":\"https:\/\/beautyverse-festival.com\/en\/programme\/#breadcrumb\",\"itemListElement\":[{\"@type\":\"ListItem\",\"position\":1,\"name\":\"Home\",\"item\":\"https:\/\/beautyverse-festival.com\/en\/\"},{\"@type\":\"ListItem\",\"position\":2,\"name\":\"Programme\"}]},{\"@type\":\"WebSite\",\"@id\":\"https:\/\/beautyverse-festival.com\/en\/#website\",\"url\":\"https:\/\/beautyverse-festival.com\/en\/\",\"name\":\"Beautyverse Championship\",\"description\":\"La prima conference show &amp; awards di PMU in Italia\",\"publisher\":{\"@id\":\"https:\/\/beautyverse-festival.com\/en\/#organization\"},\"potentialAction\":[{\"@type\":\"SearchAction\",\"target\":{\"@type\":\"EntryPoint\",\"urlTemplate\":\"https:\/\/beautyverse-festival.com\/en\/?s={search_term_string}\"},\"query-input\":{\"@type\":\"PropertyValueSpecification\",\"valueRequired\":true,\"valueName\":\"search_term_string\"}}],\"inLanguage\":\"en-US\"},{\"@type\":\"Organization\",\"@id\":\"https:\/\/beautyverse-festival.com\/en\/#organization\",\"name\":\"Beautyverse Championship\",\"url\":\"https:\/\/beautyverse-festival.com\/en\/\",\"logo\":{\"@type\":\"ImageObject\",\"inLanguage\":\"en-US\",\"@id\":\"https:\/\/beautyverse-festival.com\/en\/#\/schema\/logo\/image\/\",\"url\":\"https:\/\/beautyverse-festival.com\/wp-content\/uploads\/2024\/02\/Logo-BeautyVerse-pdf.jpg\",\"contentUrl\":\"https:\/\/beautyverse-festival.com\/wp-content\/uploads\/2024\/02\/Logo-BeautyVerse-pdf.jpg\",\"width\":1000,\"height\":433,\"caption\":\"Beautyverse Championship\"},\"image\":{\"@id\":\"https:\/\/beautyverse-festival.com\/en\/#\/schema\/logo\/image\/\"},\"sameAs\":[\"https:\/\/www.instagram.com\/beautyverse_pmufestival\/\"]}]}<\/script>\n<!-- \/ Yoast SEO plugin. -->","yoast_head_json":{"title":"Programme - Beautyverse Championship","robots":{"index":"index","follow":"follow","max-snippet":"max-snippet:-1","max-image-preview":"max-image-preview:large","max-video-preview":"max-video-preview:-1"},"canonical":"https:\/\/beautyverse-festival.com\/en\/programme\/","og_locale":"en_US","og_type":"article","og_title":"Programme - Beautyverse Championship","og_description":"ProgrammE Beautyverse 2025INFORMATION Date: from 26 to 29 April Location: Symposium Convention Center - Hotel Cristoforo Colombo Rome Day 1: Championship \u2013 Date: 26 April 8:30 Start of the Championship19:00 Cocktail Party Day 2: Conference \u2013 Date: 27 April 8:30 Grand opening9:00 \u2013 13:00 Speakers13:00 \u2013 14:00 Lunch break14:00 \u2013 18:00 Speakers Day 3: Conference [&hellip;]","og_url":"https:\/\/beautyverse-festival.com\/en\/programme\/","og_site_name":"Beautyverse Championship","article_modified_time":"2024-05-30T10:45:45+00:00","twitter_card":"summary_large_image","twitter_misc":{"Est. reading time":"4 minutes"},"schema":{"@context":"https:\/\/schema.org","@graph":[{"@type":"WebPage","@id":"https:\/\/beautyverse-festival.com\/en\/programme\/","url":"https:\/\/beautyverse-festival.com\/en\/programme\/","name":"Programme - Beautyverse Championship","isPartOf":{"@id":"https:\/\/beautyverse-festival.com\/en\/#website"},"datePublished":"2024-03-18T17:26:08+00:00","dateModified":"2024-05-30T10:45:45+00:00","breadcrumb":{"@id":"https:\/\/beautyverse-festival.com\/en\/programme\/#breadcrumb"},"inLanguage":"en-US","potentialAction":[{"@type":"ReadAction","target":["https:\/\/beautyverse-festival.com\/en\/programme\/"]}]},{"@type":"BreadcrumbList","@id":"https:\/\/beautyverse-festival.com\/en\/programme\/#breadcrumb","itemListElement":[{"@type":"ListItem","position":1,"name":"Home","item":"https:\/\/beautyverse-festival.com\/en\/"},{"@type":"ListItem","position":2,"name":"Programme"}]},{"@type":"WebSite","@id":"https:\/\/beautyverse-festival.com\/en\/#website","url":"https:\/\/beautyverse-festival.com\/en\/","name":"Beautyverse Championship","description":"La prima conference show &amp; awards di PMU in Italia","publisher":{"@id":"https:\/\/beautyverse-festival.com\/en\/#organization"},"potentialAction":[{"@type":"SearchAction","target":{"@type":"EntryPoint","urlTemplate":"https:\/\/beautyverse-festival.com\/en\/?s={search_term_string}"},"query-input":{"@type":"PropertyValueSpecification","valueRequired":true,"valueName":"search_term_string"}}],"inLanguage":"en-US"},{"@type":"Organization","@id":"https:\/\/beautyverse-festival.com\/en\/#organization","name":"Beautyverse Championship","url":"https:\/\/beautyverse-festival.com\/en\/","logo":{"@type":"ImageObject","inLanguage":"en-US","@id":"https:\/\/beautyverse-festival.com\/en\/#\/schema\/logo\/image\/","url":"https:\/\/beautyverse-festival.com\/wp-content\/uploads\/2024\/02\/Logo-BeautyVerse-pdf.jpg","contentUrl":"https:\/\/beautyverse-festival.com\/wp-content\/uploads\/2024\/02\/Logo-BeautyVerse-pdf.jpg","width":1000,"height":433,"caption":"Beautyverse Championship"},"image":{"@id":"https:\/\/beautyverse-festival.com\/en\/#\/schema\/logo\/image\/"},"sameAs":["https:\/\/www.instagram.com\/beautyverse_pmufestival\/"]}]}},"_links":{"self":[{"href":"https:\/\/beautyverse-festival.com\/en\/wp-json\/wp\/v2\/pages\/31062","targetHints":{"allow":["GET"]}}],"collection":[{"href":"https:\/\/beautyverse-festival.com\/en\/wp-json\/wp\/v2\/pages"}],"about":[{"href":"https:\/\/beautyverse-festival.com\/en\/wp-json\/wp\/v2\/types\/page"}],"author":[{"embeddable":true,"href":"https:\/\/beautyverse-festival.com\/en\/wp-json\/wp\/v2\/users\/3"}],"replies":[{"embeddable":true,"href":"https:\/\/beautyverse-festival.com\/en\/wp-json\/wp\/v2\/comments?post=31062"}],"version-history":[{"count":13,"href":"https:\/\/beautyverse-festival.com\/en\/wp-json\/wp\/v2\/pages\/31062\/revisions"}],"predecessor-version":[{"id":31217,"href":"https:\/\/beautyverse-festival.com\/en\/wp-json\/wp\/v2\/pages\/31062\/revisions\/31217"}],"wp:attachment":[{"href":"https:\/\/beautyverse-festival.com\/en\/wp-json\/wp\/v2\/media?parent=31062"}],"wp:term":[{"taxonomy":"dipi_cpt_category","embeddable":true,"href":"https:\/\/beautyverse-festival.com\/en\/wp-json\/wp\/v2\/dipi_cpt_category?post=31062"}],"curies":[{"name":"wp","href":"https:\/\/api.w.org\/{rel}","templated":true}]}}